{"id":1239,"date":"2021-04-15T22:25:30","date_gmt":"2021-04-15T22:25:30","guid":{"rendered":"https:\/\/zmagazine.online\/admin\/?page_id=1239"},"modified":"2025-01-29T23:30:18","modified_gmt":"2025-01-30T04:30:18","slug":"page","status":"publish","type":"page","link":"https:\/\/zmagazine.online\/","title":{"rendered":"Bienvenido a tu revista digital"},"content":{"rendered":"\t\t<div data-elementor-type=\"wp-page\" data-elementor-id=\"1239\" class=\"elementor elementor-1239\">\n\t\t\t\t\t\t<section class=\"elementor-section elementor-top-section elementor-element elementor-element-686470f elementor-section-boxed elementor-section-height-default elementor-section-height-default\" data-id=\"686470f\" data-element_type=\"section\">\n\t\t\t\t\t\t<div class=\"elementor-container elementor-column-gap-default\">\n\t\t\t\t\t<div class=\"elementor-column elementor-col-100 elementor-top-column elementor-element elementor-element-7b61fbe\" data-id=\"7b61fbe\" data-element_type=\"column\">\n\t\t\t<div class=\"elementor-widget-wrap elementor-element-populated\">\n\t\t\t\t\t\t<div class=\"elementor-element elementor-element-c4a5a65 elementor-widget elementor-widget-anymag_featcat\" data-id=\"c4a5a65\" data-element_type=\"widget\" data-widget_type=\"anymag_featcat.default\">\n\t\t\t\t<div class=\"elementor-widget-container\">\n\t\t\t<div class=\"feat-category shortcode\"><div class=\"section-title side-pattern\"><h4>Lo +<\/h4><\/div> <div class=\"feat-categ-item first\"><div class=\"image-part\">\r\n              <div class=\"overlay\"><\/div>\r\n              <a href=\"https:\/\/zmagazine.online\/index.php\/2023\/09\/01\/la-gran-madre-tierra\/\"><img fetchpriority=\"high\" decoding=\"async\" width=\"490\" height=\"550\" src=\"https:\/\/zmagazine.online\/wp-content\/uploads\/2023\/08\/portada-1-490x550.jpg\" class=\"attachment-anymag-misc size-anymag-misc wp-post-image\" alt=\"\" \/><\/a>\r\n            <\/div><div class=\"content-part\"><div class=\"the-content\">\r\n              <h5 class=\"feat-title underline\"><a href=\"https:\/\/zmagazine.online\/index.php\/2023\/09\/01\/la-gran-madre-tierra\/\">La gran madre tierra<\/a><\/h5><span class=\"widget-date\">septiembre 1, 2023<\/span><\/div><\/div><\/div><div class=\"feat-categ-item\"><div class=\"image-part\">\r\n              <div class=\"overlay\"><\/div>\r\n              <a href=\"https:\/\/zmagazine.online\/index.php\/2023\/09\/01\/crochet-tejiendo-arte\/\"><img decoding=\"async\" width=\"490\" height=\"550\" src=\"https:\/\/zmagazine.online\/wp-content\/uploads\/2023\/08\/PORTADA-5-490x550.jpg\" class=\"attachment-anymag-misc size-anymag-misc wp-post-image\" alt=\"\" \/><\/a>\r\n            <\/div><div class=\"content-part\"><div class=\"the-content\">\r\n              <h5 class=\"feat-title underline\"><a href=\"https:\/\/zmagazine.online\/index.php\/2023\/09\/01\/crochet-tejiendo-arte\/\">CROCHET: Tejiendo Arte<\/a><\/h5><span class=\"widget-date\">septiembre 1, 2023<\/span><\/div><\/div><\/div><div class=\"feat-categ-item\"><div class=\"image-part\">\r\n              <div class=\"overlay\"><\/div>\r\n              <a href=\"https:\/\/zmagazine.online\/index.php\/2023\/08\/01\/conoce-sobre-los-manglares\/\"><img decoding=\"async\" width=\"490\" height=\"550\" src=\"https:\/\/zmagazine.online\/wp-content\/uploads\/2023\/08\/Rhizophora_mangle_en_Nichupte_-490x550.jpg\" class=\"attachment-anymag-misc size-anymag-misc wp-post-image\" alt=\"\" \/><\/a>\r\n            <\/div><div class=\"content-part\"><div class=\"the-content\">\r\n              <h5 class=\"feat-title underline\"><a href=\"https:\/\/zmagazine.online\/index.php\/2023\/08\/01\/conoce-sobre-los-manglares\/\">Conoce + sobre los MANGLARES<\/a><\/h5><span class=\"widget-date\">agosto 1, 2023<\/span><\/div><\/div><\/div><div class=\"feat-categ-item\"><div class=\"image-part\">\r\n              <div class=\"overlay\"><\/div>\r\n              <a href=\"https:\/\/zmagazine.online\/index.php\/2023\/08\/01\/lo-rico-de-la-gastronomia-mexicana\/\"><img loading=\"lazy\" decoding=\"async\" width=\"490\" height=\"550\" src=\"https:\/\/zmagazine.online\/wp-content\/uploads\/2023\/08\/seis-tipicos-dias-de-la-gastronomia-mexicana-490x550.jpg\" class=\"attachment-anymag-misc size-anymag-misc wp-post-image\" alt=\"\" \/><\/a>\r\n            <\/div><div class=\"content-part\"><div class=\"the-content\">\r\n              <h5 class=\"feat-title underline\"><a href=\"https:\/\/zmagazine.online\/index.php\/2023\/08\/01\/lo-rico-de-la-gastronomia-mexicana\/\">LO+ rico de la GASTRONOMIA mexicana<\/a><\/h5><span class=\"widget-date\">agosto 1, 2023<\/span><\/div><\/div><\/div><\/div>\t\t<\/div>\n\t\t\t\t<\/div>\n\t\t\t\t\t<\/div>\n\t\t<\/div>\n\t\t\t\t\t<\/div>\n\t\t<\/section>\n\t\t\t\t<section class=\"elementor-section elementor-top-section elementor-element elementor-element-d788195 elementor-section-boxed elementor-section-height-default elementor-section-height-default\" data-id=\"d788195\" data-element_type=\"section\">\n\t\t\t\t\t\t<div class=\"elementor-container elementor-column-gap-default\">\n\t\t\t\t\t<div class=\"elementor-column elementor-col-100 elementor-top-column elementor-element elementor-element-0b717a6\" data-id=\"0b717a6\" data-element_type=\"column\">\n\t\t\t<div class=\"elementor-widget-wrap elementor-element-populated\">\n\t\t\t\t\t\t<div class=\"elementor-element elementor-element-837284e elementor-widget elementor-widget-anymag_featcat\" data-id=\"837284e\" data-element_type=\"widget\" data-widget_type=\"anymag_featcat.default\">\n\t\t\t\t<div class=\"elementor-widget-container\">\n\t\t\t<div class=\"feat-category shortcode\"><div class=\"section-title side-pattern\"><h4>Diverdatos<\/h4><\/div> <div class=\"feat-categ-item first\"><div class=\"image-part\">\r\n              <div class=\"overlay\"><\/div>\r\n              <a href=\"https:\/\/zmagazine.online\/index.php\/2023\/09\/01\/conoce-algunos-lugares-en-el-mundo-a-los-que-no-puedes-entrar\/\"><img loading=\"lazy\" decoding=\"async\" width=\"490\" height=\"550\" src=\"https:\/\/zmagazine.online\/wp-content\/uploads\/2023\/09\/portada-490x550.jpg\" class=\"attachment-anymag-misc size-anymag-misc wp-post-image\" alt=\"\" \/><\/a>\r\n            <\/div><div class=\"content-part\"><div class=\"the-content\">\r\n              <h5 class=\"feat-title underline\"><a href=\"https:\/\/zmagazine.online\/index.php\/2023\/09\/01\/conoce-algunos-lugares-en-el-mundo-a-los-que-no-puedes-entrar\/\">Conoce algunos lugares en el mundo a los que no puedes entrar<\/a><\/h5><span class=\"widget-date\">septiembre 1, 2023<\/span><\/div><\/div><\/div><div class=\"feat-categ-item\"><div class=\"image-part\">\r\n              <div class=\"overlay\"><\/div>\r\n              <a href=\"https:\/\/zmagazine.online\/index.php\/2023\/09\/01\/dia-mundial-de-la-barba\/\"><img loading=\"lazy\" decoding=\"async\" width=\"490\" height=\"550\" src=\"https:\/\/zmagazine.online\/wp-content\/uploads\/2023\/08\/PORTADA-6-490x550.jpg\" class=\"attachment-anymag-misc size-anymag-misc wp-post-image\" alt=\"\" \/><\/a>\r\n            <\/div><div class=\"content-part\"><div class=\"the-content\">\r\n              <h5 class=\"feat-title underline\"><a href=\"https:\/\/zmagazine.online\/index.php\/2023\/09\/01\/dia-mundial-de-la-barba\/\">D\u00eda Mundial de la Barba<\/a><\/h5><span class=\"widget-date\">septiembre 1, 2023<\/span><\/div><\/div><\/div><div class=\"feat-categ-item\"><div class=\"image-part\">\r\n              <div class=\"overlay\"><\/div>\r\n              <a href=\"https:\/\/zmagazine.online\/index.php\/2023\/08\/01\/10-diverdatos-de-nuestra-galaxia-que-seguro-no-conoces\/\"><img loading=\"lazy\" decoding=\"async\" width=\"490\" height=\"550\" src=\"https:\/\/zmagazine.online\/wp-content\/uploads\/2021\/06\/Via-lactea-y-Andromeda-una-colision-por-venir-490x550.jpg\" class=\"attachment-anymag-misc size-anymag-misc wp-post-image\" alt=\"\" \/><\/a>\r\n            <\/div><div class=\"content-part\"><div class=\"the-content\">\r\n              <h5 class=\"feat-title underline\"><a href=\"https:\/\/zmagazine.online\/index.php\/2023\/08\/01\/10-diverdatos-de-nuestra-galaxia-que-seguro-no-conoces\/\">10 diverdatos de nuestra GALAXIA que seguro no conoces<\/a><\/h5><span class=\"widget-date\">agosto 1, 2023<\/span><\/div><\/div><\/div><div class=\"feat-categ-item\"><div class=\"image-part\">\r\n              <div class=\"overlay\"><\/div>\r\n              <a href=\"https:\/\/zmagazine.online\/index.php\/2023\/08\/01\/10-cosas-que-no-sabias-de-malcolm-el-de-en-medio\/\"><img loading=\"lazy\" decoding=\"async\" width=\"490\" height=\"550\" src=\"https:\/\/zmagazine.online\/wp-content\/uploads\/2023\/07\/PORTADA-490x550.png\" class=\"attachment-anymag-misc size-anymag-misc wp-post-image\" alt=\"\" \/><\/a>\r\n            <\/div><div class=\"content-part\"><div class=\"the-content\">\r\n              <h5 class=\"feat-title underline\"><a href=\"https:\/\/zmagazine.online\/index.php\/2023\/08\/01\/10-cosas-que-no-sabias-de-malcolm-el-de-en-medio\/\">10 cosas que no sab\u00edas de Malcolm el de en medio<\/a><\/h5><span class=\"widget-date\">agosto 1, 2023<\/span><\/div><\/div><\/div><\/div>\t\t<\/div>\n\t\t\t\t<\/div>\n\t\t\t\t\t<\/div>\n\t\t<\/div>\n\t\t\t\t\t<\/div>\n\t\t<\/section>\n\t\t\t\t<section class=\"elementor-section elementor-top-section elementor-element elementor-element-4b921c3 elementor-section-boxed elementor-section-height-default elementor-section-height-default\" data-id=\"4b921c3\" data-element_type=\"section\">\n\t\t\t\t\t\t<div class=\"elementor-container elementor-column-gap-default\">\n\t\t\t\t\t<div class=\"elementor-column elementor-col-100 elementor-top-column elementor-element elementor-element-39f2718\" data-id=\"39f2718\" data-element_type=\"column\">\n\t\t\t<div class=\"elementor-widget-wrap elementor-element-populated\">\n\t\t\t\t\t\t<div class=\"elementor-element elementor-element-486408d elementor-widget elementor-widget-anymag_featcat\" data-id=\"486408d\" data-element_type=\"widget\" data-widget_type=\"anymag_featcat.default\">\n\t\t\t\t<div class=\"elementor-widget-container\">\n\t\t\t<div class=\"feat-category shortcode\"><div class=\"section-title side-pattern\"><h4>Negocios<\/h4><\/div> <div class=\"feat-categ-item first\"><div class=\"image-part\">\r\n              <div class=\"overlay\"><\/div>\r\n              <a href=\"https:\/\/zmagazine.online\/index.php\/2025\/01\/23\/grupo-solac-el-aliado-clave-para-la-gestion-empresarial\/\"><img loading=\"lazy\" decoding=\"async\" width=\"490\" height=\"550\" src=\"https:\/\/zmagazine.online\/wp-content\/uploads\/2025\/01\/PORTADA-NEGOCIOS1-490x550.png\" class=\"attachment-anymag-misc size-anymag-misc wp-post-image\" alt=\"\" \/><\/a>\r\n            <\/div><div class=\"content-part\"><div class=\"the-content\">\r\n              <h5 class=\"feat-title underline\"><a href=\"https:\/\/zmagazine.online\/index.php\/2025\/01\/23\/grupo-solac-el-aliado-clave-para-la-gestion-empresarial\/\">Grupo SOLAC: El Aliado Clave para la Gesti\u00f3n Empresarial<\/a><\/h5><span class=\"widget-date\">enero 23, 2025<\/span><\/div><\/div><\/div><div class=\"feat-categ-item\"><div class=\"image-part\">\r\n              <div class=\"overlay\"><\/div>\r\n              <a href=\"https:\/\/zmagazine.online\/index.php\/2024\/12\/17\/la-conectividad-y-el-futuro-cada-vez-mas-cerca\/\"><img loading=\"lazy\" decoding=\"async\" width=\"490\" height=\"550\" src=\"https:\/\/zmagazine.online\/wp-content\/uploads\/2024\/12\/PORTADA-NEGOCIOS1-490x550.jpg\" class=\"attachment-anymag-misc size-anymag-misc wp-post-image\" alt=\"\" \/><\/a>\r\n            <\/div><div class=\"content-part\"><div class=\"the-content\">\r\n              <h5 class=\"feat-title underline\"><a href=\"https:\/\/zmagazine.online\/index.php\/2024\/12\/17\/la-conectividad-y-el-futuro-cada-vez-mas-cerca\/\">\u201cLa Conectividad y el futuro cada vez m\u00e1s cerca\u201d<\/a><\/h5><span class=\"widget-date\">diciembre 17, 2024<\/span><\/div><\/div><\/div><div class=\"feat-categ-item\"><div class=\"image-part\">\r\n              <div class=\"overlay\"><\/div>\r\n              <a href=\"https:\/\/zmagazine.online\/index.php\/2024\/11\/06\/12-consejos-para-un-uso-adecuado-de-las-redes-sociales\/\"><img loading=\"lazy\" decoding=\"async\" width=\"490\" height=\"550\" src=\"https:\/\/zmagazine.online\/wp-content\/uploads\/2024\/11\/PORTADA-TUIMPULSO-490x550.png\" class=\"attachment-anymag-misc size-anymag-misc wp-post-image\" alt=\"\" \/><\/a>\r\n            <\/div><div class=\"content-part\"><div class=\"the-content\">\r\n              <h5 class=\"feat-title underline\"><a href=\"https:\/\/zmagazine.online\/index.php\/2024\/11\/06\/12-consejos-para-un-uso-adecuado-de-las-redes-sociales\/\">12 consejos para un uso adecuado de las redes sociales<\/a><\/h5><span class=\"widget-date\">noviembre 6, 2024<\/span><\/div><\/div><\/div><div class=\"feat-categ-item\"><div class=\"image-part\">\r\n              <div class=\"overlay\"><\/div>\r\n              <a href=\"https:\/\/zmagazine.online\/index.php\/2024\/11\/06\/7-consejos-para-encontrar-trabajo\/\"><img loading=\"lazy\" decoding=\"async\" width=\"490\" height=\"550\" src=\"https:\/\/zmagazine.online\/wp-content\/uploads\/2024\/11\/ZRESOURCES-490x550.png\" class=\"attachment-anymag-misc size-anymag-misc wp-post-image\" alt=\"\" \/><\/a>\r\n            <\/div><div class=\"content-part\"><div class=\"the-content\">\r\n              <h5 class=\"feat-title underline\"><a href=\"https:\/\/zmagazine.online\/index.php\/2024\/11\/06\/7-consejos-para-encontrar-trabajo\/\">7 consejos para encontrar trabajo<\/a><\/h5><span class=\"widget-date\">noviembre 6, 2024<\/span><\/div><\/div><\/div><\/div>\t\t<\/div>\n\t\t\t\t<\/div>\n\t\t\t\t\t<\/div>\n\t\t<\/div>\n\t\t\t\t\t<\/div>\n\t\t<\/section>\n\t\t\t\t<section class=\"elementor-section elementor-top-section elementor-element elementor-element-ce31c3e elementor-section-boxed elementor-section-height-default elementor-section-height-default\" data-id=\"ce31c3e\" data-element_type=\"section\">\n\t\t\t\t\t\t<div class=\"elementor-container elementor-column-gap-default\">\n\t\t\t\t\t<div class=\"elementor-column elementor-col-100 elementor-top-column elementor-element elementor-element-a08c69f\" data-id=\"a08c69f\" data-element_type=\"column\">\n\t\t\t<div class=\"elementor-widget-wrap elementor-element-populated\">\n\t\t\t\t\t\t<div class=\"elementor-element elementor-element-e1838e0 elementor-widget elementor-widget-anymag_featcat\" data-id=\"e1838e0\" data-element_type=\"widget\" data-widget_type=\"anymag_featcat.default\">\n\t\t\t\t<div class=\"elementor-widget-container\">\n\t\t\t<div class=\"feat-category shortcode\"><div class=\"section-title side-pattern\"><h4>Personalidades<\/h4><\/div> <div class=\"feat-categ-item first\"><div class=\"image-part\">\r\n              <div class=\"overlay\"><\/div>\r\n              <a href=\"https:\/\/zmagazine.online\/index.php\/2025\/01\/29\/la-voz-que-conquista-el-aire-juan-manuel-hurtado-y-su-legado-como-locutor-de-radio\/\"><img loading=\"lazy\" decoding=\"async\" width=\"490\" height=\"550\" src=\"https:\/\/zmagazine.online\/wp-content\/uploads\/2025\/01\/WhatsApp-Image-2025-01-29-at-11.02.50-AM-1-490x550.jpeg\" class=\"attachment-anymag-misc size-anymag-misc wp-post-image\" alt=\"\" \/><\/a>\r\n            <\/div><div class=\"content-part\"><div class=\"the-content\">\r\n              <h5 class=\"feat-title underline\"><a href=\"https:\/\/zmagazine.online\/index.php\/2025\/01\/29\/la-voz-que-conquista-el-aire-juan-manuel-hurtado-y-su-legado-como-locutor-de-radio\/\">La Voz que Conquista el Aire: Juan Manuel Hurtado y su Legado como Locutor de Radio<\/a><\/h5><span class=\"widget-date\">enero 29, 2025<\/span><\/div><\/div><\/div><div class=\"feat-categ-item\"><div class=\"image-part\">\r\n              <div class=\"overlay\"><\/div>\r\n              <a href=\"https:\/\/zmagazine.online\/index.php\/2024\/11\/06\/caifanes-mas-alla-del-rock\/\"><img loading=\"lazy\" decoding=\"async\" width=\"490\" height=\"550\" src=\"https:\/\/zmagazine.online\/wp-content\/uploads\/2024\/11\/Caifanes-FotoZeus-490x550.jpg\" class=\"attachment-anymag-misc size-anymag-misc wp-post-image\" alt=\"\" \/><\/a>\r\n            <\/div><div class=\"content-part\"><div class=\"the-content\">\r\n              <h5 class=\"feat-title underline\"><a href=\"https:\/\/zmagazine.online\/index.php\/2024\/11\/06\/caifanes-mas-alla-del-rock\/\">Caifanes: M\u00e1s all\u00e1 del rock<\/a><\/h5><span class=\"widget-date\">noviembre 6, 2024<\/span><\/div><\/div><\/div><div class=\"feat-categ-item\"><div class=\"image-part\">\r\n              <div class=\"overlay\"><\/div>\r\n              <a href=\"https:\/\/zmagazine.online\/index.php\/2023\/09\/01\/jose-luis-jaime-gonzalez-segura-1953-2023\/\"><img loading=\"lazy\" decoding=\"async\" width=\"490\" height=\"550\" src=\"https:\/\/zmagazine.online\/wp-content\/uploads\/2023\/08\/PORTADA-PERSONALIDADES-490x550.jpg\" class=\"attachment-anymag-misc size-anymag-misc wp-post-image\" alt=\"\" \/><\/a>\r\n            <\/div><div class=\"content-part\"><div class=\"the-content\">\r\n              <h5 class=\"feat-title underline\"><a href=\"https:\/\/zmagazine.online\/index.php\/2023\/09\/01\/jose-luis-jaime-gonzalez-segura-1953-2023\/\">Jos\u00e9 Luis Jaime Gonz\u00e1lez Segura (1953-2023).<\/a><\/h5><span class=\"widget-date\">septiembre 1, 2023<\/span><\/div><\/div><\/div><div class=\"feat-categ-item\"><div class=\"image-part\">\r\n              <div class=\"overlay\"><\/div>\r\n              <a href=\"https:\/\/zmagazine.online\/index.php\/2023\/08\/01\/eros-ramazzotti-un-canto-al-corazon\/\"><img loading=\"lazy\" decoding=\"async\" width=\"490\" height=\"550\" src=\"https:\/\/zmagazine.online\/wp-content\/uploads\/2023\/07\/PORTADA-PERSONALIDADES-490x550.jpg\" class=\"attachment-anymag-misc size-anymag-misc wp-post-image\" alt=\"\" \/><\/a>\r\n            <\/div><div class=\"content-part\"><div class=\"the-content\">\r\n              <h5 class=\"feat-title underline\"><a href=\"https:\/\/zmagazine.online\/index.php\/2023\/08\/01\/eros-ramazzotti-un-canto-al-corazon\/\">EROS RAMAZZOTTI: Un canto al coraz\u00f3n<\/a><\/h5><span class=\"widget-date\">agosto 1, 2023<\/span><\/div><\/div><\/div><\/div>\t\t<\/div>\n\t\t\t\t<\/div>\n\t\t\t\t\t<\/div>\n\t\t<\/div>\n\t\t\t\t\t<\/div>\n\t\t<\/section>\n\t\t\t\t<section class=\"elementor-section elementor-top-section elementor-element elementor-element-3f9ba6f elementor-section-boxed elementor-section-height-default elementor-section-height-default\" data-id=\"3f9ba6f\" data-element_type=\"section\">\n\t\t\t\t\t\t<div class=\"elementor-container elementor-column-gap-default\">\n\t\t\t\t\t<div class=\"elementor-column elementor-col-100 elementor-top-column elementor-element elementor-element-5849a0d\" data-id=\"5849a0d\" data-element_type=\"column\">\n\t\t\t<div class=\"elementor-widget-wrap elementor-element-populated\">\n\t\t\t\t\t\t<div class=\"elementor-element elementor-element-9c8b447 elementor-widget elementor-widget-anymag_featcat\" data-id=\"9c8b447\" data-element_type=\"widget\" data-widget_type=\"anymag_featcat.default\">\n\t\t\t\t<div class=\"elementor-widget-container\">\n\t\t\t<div class=\"feat-category shortcode\"><div class=\"section-title side-pattern\"><h4>Columnistas<\/h4><\/div> <div class=\"feat-categ-item first\"><div class=\"image-part\">\r\n              <div class=\"overlay\"><\/div>\r\n              <a href=\"https:\/\/zmagazine.online\/index.php\/2025\/02\/18\/estas-son-las-10-canciones-que-provocan-mayor-felicidad-en-las-personas-segun-la-ciencia-2\/\"><img loading=\"lazy\" decoding=\"async\" width=\"490\" height=\"550\" src=\"https:\/\/zmagazine.online\/wp-content\/uploads\/2025\/02\/GettyImages-534572561-490x550.jpg\" class=\"attachment-anymag-misc size-anymag-misc wp-post-image\" alt=\"\" \/><\/a>\r\n            <\/div><div class=\"content-part\"><div class=\"the-content\">\r\n              <h5 class=\"feat-title underline\"><a href=\"https:\/\/zmagazine.online\/index.php\/2025\/02\/18\/estas-son-las-10-canciones-que-provocan-mayor-felicidad-en-las-personas-segun-la-ciencia-2\/\">Estas son las 10 canciones que provocan mayor felicidad en las personas, seg\u00fan la ciencia<\/a><\/h5><span class=\"widget-date\">febrero 18, 2025<\/span><\/div><\/div><\/div><div class=\"feat-categ-item\"><div class=\"image-part\">\r\n              <div class=\"overlay\"><\/div>\r\n              <a href=\"https:\/\/zmagazine.online\/index.php\/2023\/09\/01\/sana-sana-colita-de-rana\/\"><img loading=\"lazy\" decoding=\"async\" width=\"490\" height=\"550\" src=\"https:\/\/zmagazine.online\/wp-content\/uploads\/2023\/08\/Donacion-de-sangre-490x550.jpg\" class=\"attachment-anymag-misc size-anymag-misc wp-post-image\" alt=\"\" \/><\/a>\r\n            <\/div><div class=\"content-part\"><div class=\"the-content\">\r\n              <h5 class=\"feat-title underline\"><a href=\"https:\/\/zmagazine.online\/index.php\/2023\/09\/01\/sana-sana-colita-de-rana\/\">Sana, sana colita de rana.<\/a><\/h5><span class=\"widget-date\">septiembre 1, 2023<\/span><\/div><\/div><\/div><div class=\"feat-categ-item\"><div class=\"image-part\">\r\n              <div class=\"overlay\"><\/div>\r\n              <a href=\"https:\/\/zmagazine.online\/index.php\/2023\/08\/01\/paren-al-mundo-que-me-quiero-bajar\/\"><img loading=\"lazy\" decoding=\"async\" width=\"490\" height=\"550\" src=\"https:\/\/zmagazine.online\/wp-content\/uploads\/2023\/08\/mafalda-y-el-mundo-490x550.jpg\" class=\"attachment-anymag-misc size-anymag-misc wp-post-image\" alt=\"\" \/><\/a>\r\n            <\/div><div class=\"content-part\"><div class=\"the-content\">\r\n              <h5 class=\"feat-title underline\"><a href=\"https:\/\/zmagazine.online\/index.php\/2023\/08\/01\/paren-al-mundo-que-me-quiero-bajar\/\">\u00a1Paren al mundo que me quiero bajar!<\/a><\/h5><span class=\"widget-date\">agosto 1, 2023<\/span><\/div><\/div><\/div><div class=\"feat-categ-item\"><div class=\"image-part\">\r\n              <div class=\"overlay\"><\/div>\r\n              <a href=\"https:\/\/zmagazine.online\/index.php\/2023\/08\/01\/zresources-5-consejos-para-tener-exito-en-tu-busqueda-empleo\/\"><img loading=\"lazy\" decoding=\"async\" width=\"490\" height=\"550\" src=\"https:\/\/zmagazine.online\/wp-content\/uploads\/2023\/07\/PORTADAZR-490x550.jpg\" class=\"attachment-anymag-misc size-anymag-misc wp-post-image\" alt=\"\" \/><\/a>\r\n            <\/div><div class=\"content-part\"><div class=\"the-content\">\r\n              <h5 class=\"feat-title underline\"><a href=\"https:\/\/zmagazine.online\/index.php\/2023\/08\/01\/zresources-5-consejos-para-tener-exito-en-tu-busqueda-empleo\/\">ZRESOURCES: 5 consejos para tener \u00e9xito en tu b\u00fasqueda empleo<\/a><\/h5><span class=\"widget-date\">agosto 1, 2023<\/span><\/div><\/div><\/div><\/div>\t\t<\/div>\n\t\t\t\t<\/div>\n\t\t\t\t\t<\/div>\n\t\t<\/div>\n\t\t\t\t\t<\/div>\n\t\t<\/section>\n\t\t\t\t<\/div>\n\t\t","protected":false},"excerpt":{"rendered":"<p>Lo + \u00bfComo comprender las ENFERMEDADES AUTOINMUNES? enero 1, 2023 Hor\u00f3scopo Chino 2023: \u00bfcu\u00e1l es su animal y sus predicciones? enero 1, 2023 Conoce los principales s\u00edmbolos Vikingos y sus significados enero 1, 2023 La evoluci\u00f3n del tel\u00e9fono celular octubre 1, 2022 Diverdatos \u00bfHas o\u00eddo hablar del BLUEMONDAY? enero 1, 2023 \u00bfQu\u00e9 son las ENFERMEDADES [&hellip;]<\/p>\n","protected":false},"author":1,"featured_media":5129,"parent":0,"menu_order":0,"comment_status":"closed","ping_status":"closed","template":"","meta":{"_acf_changed":false,"footnotes":""},"class_list":["post-1239","page","type-page","status-publish","has-post-thumbnail","hentry"],"acf":[],"_links":{"self":[{"href":"https:\/\/zmagazine.online\/index.php\/wp-json\/wp\/v2\/pages\/1239","targetHints":{"allow":["GET"]}}],"collection":[{"href":"https:\/\/zmagazine.online\/index.php\/wp-json\/wp\/v2\/pages"}],"about":[{"href":"https:\/\/zmagazine.online\/index.php\/wp-json\/wp\/v2\/types\/page"}],"author":[{"embeddable":true,"href":"https:\/\/zmagazine.online\/index.php\/wp-json\/wp\/v2\/users\/1"}],"replies":[{"embeddable":true,"href":"https:\/\/zmagazine.online\/index.php\/wp-json\/wp\/v2\/comments?post=1239"}],"version-history":[{"count":46,"href":"https:\/\/zmagazine.online\/index.php\/wp-json\/wp\/v2\/pages\/1239\/revisions"}],"predecessor-version":[{"id":4214,"href":"https:\/\/zmagazine.online\/index.php\/wp-json\/wp\/v2\/pages\/1239\/revisions\/4214"}],"wp:featuredmedia":[{"embeddable":true,"href":"https:\/\/zmagazine.online\/index.php\/wp-json\/wp\/v2\/media\/5129"}],"wp:attachment":[{"href":"https:\/\/zmagazine.online\/index.php\/wp-json\/wp\/v2\/media?parent=1239"}],"curies":[{"name":"wp","href":"https:\/\/api.w.org\/{rel}","templated":true}]}}